{"id":14460,"date":"2024-02-09T17:23:10","date_gmt":"2024-02-09T16:23:10","guid":{"rendered":"https:\/\/testkreativlabsmart.it\/?post_type=product&#038;p=14460"},"modified":"2025-03-18T10:07:36","modified_gmt":"2025-03-18T09:07:36","slug":"cotes-du-jura-chardonnay-les-varrons-vieilles-vignes-2019-anne-et-jean-francois-ganevat-copia","status":"publish","type":"product","link":"https:\/\/testkreativlabsmart.it\/en\/prodotto\/cotes-du-jura-chardonnay-les-varrons-vieilles-vignes-2019-anne-et-jean-francois-ganevat-copia\/","title":{"rendered":"Cotes du Jura Chardonnay &#8221; Les Grands Teppes Vieilles Vignes&#8221; 2020 &#8211; Anne et Jean Francois Ganevat"},"content":{"rendered":"","protected":false},"excerpt":{"rendered":"<p>Domaine Jean-Fran\u00e7ois Ganevat is located in La Combe de Rotalier in Jura, France. The estate has been in the family since 1650 and is currently managed by Jean-Fran\u00e7ois Ganevat, who trained and worked at Domaine Jean-Marc Morey in Chassagne-Montrachet until 1998, before returning to his family estate. Ganevat&#8217;s production is small, but is made up of about 40 different cuv\u00e9es designed to highlight the terroir, varietal or winemaking style. The 13-hectare estate has been certified biodynamic since 2014. Jean-Fran\u00e7ois Ganevat uses traditional, customized winemaking techniques: destemming is done manually, no new wood is used, white wines are aged on the lees for a minimum of two years, and since 2006 he has completely eradicated the use of sulfur.<\/p>\n<p>The estate also buys in grapes from Alsace, Savoy and Beaujolais to produce cuv\u00e9es under the Vin de France appellation. These cuv\u00e9es are blended from purchased and estate grapes, allowing Jean-Fran\u00e7ois Ganevat and his wife Anne to use all the native grape varieties to develop unique, declassified wines.<\/p>\n<div class=\"caratteristiche\">\n<div class=\"temperatura\">\n<div class=\"icona-temperatura\"><\/div>\n<h4>Temperature:<\/h4>\n<p> 8-10\u00b0C <\/p>\n<\/p><\/div>\n<div class=\"abbinamento\">\n<div class=\"icona-abbinamento\"><\/div>\n<h4>Pairings:<\/h4>\n<p> white meats, stewed fish <\/p>\n<\/p><\/div>\n<div class=\"vitigno\">\n<div class=\"icona-vitigno\"><\/div>\n<h4>Varietal:<\/h4>\n<p>       100% Chardonnay\n   <\/p><\/div>\n<div class=\"gradazione\">\n<div class=\"icona-gradazione\"><\/div>\n<h4>Alcohol content:<\/h4>\n<p> 13.5% <\/p>\n<\/p><\/div>\n<div class=\"formato\">\n<div class=\"icona-formato\"><\/div>\n<h4>Size:<\/h4>\n<p> 75 cl <\/p>\n<\/p><\/div>\n<\/div>\n","protected":false},"featured_media":14462,"template":"","meta":[],"product_brand":[],"product_cat":[742,747,810],"product_tag":[885,895],"tipologia":[],"premi":[],"annata":[],"regione":[],"cantina":[],"class_list":{"0":"post-14460","1":"product","2":"type-product","3":"status-publish","4":"has-post-thumbnail","6":"product_cat-french-wines","7":"product_cat-white-wines","8":"product_cat-white-wines-en","9":"product_tag-french","10":"product_tag-montrachet-en","12":"first","13":"outofstock","14":"taxable","15":"shipping-taxable","16":"purchasable","17":"product-type-simple"},"_links":{"self":[{"href":"https:\/\/testkreativlabsmart.it\/en\/wp-json\/wp\/v2\/product\/14460","targetHints":{"allow":["GET"]}}],"collection":[{"href":"https:\/\/testkreativlabsmart.it\/en\/wp-json\/wp\/v2\/product"}],"about":[{"href":"https:\/\/testkreativlabsmart.it\/en\/wp-json\/wp\/v2\/types\/product"}],"version-history":[{"count":4,"href":"https:\/\/testkreativlabsmart.it\/en\/wp-json\/wp\/v2\/product\/14460\/revisions"}],"predecessor-version":[{"id":16862,"href":"https:\/\/testkreativlabsmart.it\/en\/wp-json\/wp\/v2\/product\/14460\/revisions\/16862"}],"wp:featuredmedia":[{"embeddable":true,"href":"https:\/\/testkreativlabsmart.it\/en\/wp-json\/wp\/v2\/media\/14462"}],"wp:attachment":[{"href":"https:\/\/testkreativlabsmart.it\/en\/wp-json\/wp\/v2\/media?parent=14460"}],"wp:term":[{"taxonomy":"product_brand","embeddable":true,"href":"https:\/\/testkreativlabsmart.it\/en\/wp-json\/wp\/v2\/product_brand?post=14460"},{"taxonomy":"product_cat","embeddable":true,"href":"https:\/\/testkreativlabsmart.it\/en\/wp-json\/wp\/v2\/product_cat?post=14460"},{"taxonomy":"product_tag","embeddable":true,"href":"https:\/\/testkreativlabsmart.it\/en\/wp-json\/wp\/v2\/product_tag?post=14460"},{"taxonomy":"tipologia","embeddable":true,"href":"https:\/\/testkreativlabsmart.it\/en\/wp-json\/wp\/v2\/tipologia?post=14460"},{"taxonomy":"premi","embeddable":true,"href":"https:\/\/testkreativlabsmart.it\/en\/wp-json\/wp\/v2\/premi?post=14460"},{"taxonomy":"annata","embeddable":true,"href":"https:\/\/testkreativlabsmart.it\/en\/wp-json\/wp\/v2\/annata?post=14460"},{"taxonomy":"regione","embeddable":true,"href":"https:\/\/testkreativlabsmart.it\/en\/wp-json\/wp\/v2\/regione?post=14460"},{"taxonomy":"cantina","embeddable":true,"href":"https:\/\/testkreativlabsmart.it\/en\/wp-json\/wp\/v2\/cantina?post=14460"}],"curies":[{"name":"wp","href":"https:\/\/api.w.org\/{rel}","templated":true}]}}