{"id":13826,"date":"2023-11-24T17:57:03","date_gmt":"2023-11-24T16:57:03","guid":{"rendered":"https:\/\/testkreativlabsmart.it\/?post_type=product&#038;p=13826"},"modified":"2023-11-24T18:05:32","modified_gmt":"2023-11-24T17:05:32","slug":"champagne-extra-brut-la-closerie-les-beguines-jerome-prevost-copia","status":"publish","type":"product","link":"https:\/\/testkreativlabsmart.it\/en\/prodotto\/champagne-extra-brut-la-closerie-les-beguines-jerome-prevost-copia\/","title":{"rendered":"Champagne  Extra Brut  La Closerie &#8220;&#038;&#8221; 2021 &#8211; J\u00e8rome Pr\u00e8vost"},"content":{"rendered":"","protected":false},"excerpt":{"rendered":"<p>In fact, the maison J\u00e8rome Pr\u00e8vost (disciple of the great Jacque Selosse) has chosen to cultivate its little more than two hectares of vines located in Gueux, at the foot of the Montagne de Reims, only with Pinot Meunier. He began marketing his Champagne in 1998 and today the few thousand bottles he produces are in high demand, especially by those who can appreciate great quality champagnes. The decision to make a single label, produced from a single parcel and with a single grape variety, proved to be successful and allowed for such good knowledge of the terroir and the characteristics of the grapes that it created a Champagne of extraordinary quality. The nose expresses a bouquet of white flowers, ripe fruit, oriental spices, wild herbs, brioche and small pastries, nuances of dried fruit and citrus. On the palate, great fresh and mineral momentum develops with surprising elegance and great cleanliness. Complex fruity references, closes long on a beautiful mineral voice.<br \/>\nDEGORGMENT: SEPTEMBER 2023<br \/>\nVENDEMMIA 2021<\/p>\n<div class=\"caratteristiche\">\n<div class=\"temperatura\">\n<div class=\"icona-temperatura\"><\/div>\n<h4>Temperature:<\/h4>\n<p>8-10\u00b0<\/p>\n<\/div>\n<div class=\"abbinamento\">\n<div class=\"icona-abbinamento\"><\/div>\n<h4>Combinations:<\/h4>\n<p>Seafood dishes<\/p>\n<\/div>\n<div class=\"vitigno\">\n<div class=\"icona-vitigno\"><\/div>\n<h4>Grapevine:<\/h4>\n<p>100% pinot meunier<\/p>\n<\/div>\n<div class=\"gradazione\">\n<div class=\"icona-gradazione\"><\/div>\n<h4>Gradation:<\/h4>\n<p>12,5%<\/p>\n<\/div>\n<div class=\"formato\">\n<div class=\"icona-formato\"><\/div>\n<h4>Size:<\/h4>\n<p>75cl<\/p>\n<\/div>\n<\/div>\n","protected":false},"featured_media":13828,"template":"","meta":[],"product_brand":[],"product_cat":[770,758,769],"product_tag":[780,771,940,1118,782],"tipologia":[],"premi":[],"annata":[],"regione":[],"cantina":[],"class_list":{"0":"post-13826","1":"product","2":"type-product","3":"status-publish","4":"has-post-thumbnail","6":"product_cat-champagne-en","7":"product_cat-collectible-wines","8":"product_cat-sparkling-wines","9":"product_tag-brut-en","10":"product_tag-champagne-en","11":"product_tag-marion-en","12":"product_tag-prevost-en","13":"product_tag-reserve-en-2","15":"first","16":"instock","17":"taxable","18":"shipping-taxable","19":"purchasable","20":"product-type-simple"},"_links":{"self":[{"href":"https:\/\/testkreativlabsmart.it\/en\/wp-json\/wp\/v2\/product\/13826","targetHints":{"allow":["GET"]}}],"collection":[{"href":"https:\/\/testkreativlabsmart.it\/en\/wp-json\/wp\/v2\/product"}],"about":[{"href":"https:\/\/testkreativlabsmart.it\/en\/wp-json\/wp\/v2\/types\/product"}],"version-history":[{"count":2,"href":"https:\/\/testkreativlabsmart.it\/en\/wp-json\/wp\/v2\/product\/13826\/revisions"}],"predecessor-version":[{"id":13832,"href":"https:\/\/testkreativlabsmart.it\/en\/wp-json\/wp\/v2\/product\/13826\/revisions\/13832"}],"wp:featuredmedia":[{"embeddable":true,"href":"https:\/\/testkreativlabsmart.it\/en\/wp-json\/wp\/v2\/media\/13828"}],"wp:attachment":[{"href":"https:\/\/testkreativlabsmart.it\/en\/wp-json\/wp\/v2\/media?parent=13826"}],"wp:term":[{"taxonomy":"product_brand","embeddable":true,"href":"https:\/\/testkreativlabsmart.it\/en\/wp-json\/wp\/v2\/product_brand?post=13826"},{"taxonomy":"product_cat","embeddable":true,"href":"https:\/\/testkreativlabsmart.it\/en\/wp-json\/wp\/v2\/product_cat?post=13826"},{"taxonomy":"product_tag","embeddable":true,"href":"https:\/\/testkreativlabsmart.it\/en\/wp-json\/wp\/v2\/product_tag?post=13826"},{"taxonomy":"tipologia","embeddable":true,"href":"https:\/\/testkreativlabsmart.it\/en\/wp-json\/wp\/v2\/tipologia?post=13826"},{"taxonomy":"premi","embeddable":true,"href":"https:\/\/testkreativlabsmart.it\/en\/wp-json\/wp\/v2\/premi?post=13826"},{"taxonomy":"annata","embeddable":true,"href":"https:\/\/testkreativlabsmart.it\/en\/wp-json\/wp\/v2\/annata?post=13826"},{"taxonomy":"regione","embeddable":true,"href":"https:\/\/testkreativlabsmart.it\/en\/wp-json\/wp\/v2\/regione?post=13826"},{"taxonomy":"cantina","embeddable":true,"href":"https:\/\/testkreativlabsmart.it\/en\/wp-json\/wp\/v2\/cantina?post=13826"}],"curies":[{"name":"wp","href":"https:\/\/api.w.org\/{rel}","templated":true}]}}