{"id":11655,"date":"2023-06-09T12:20:02","date_gmt":"2023-06-09T10:20:02","guid":{"rendered":"https:\/\/testkreativlabsmart.it\/prodotto\/extra-brut-rose-de-meunier-champagne-laherte-freres\/"},"modified":"2023-06-09T12:20:02","modified_gmt":"2023-06-09T10:20:02","slug":"champagne-extra-brut-rose-de-meunier-laherte-freres","status":"publish","type":"product","link":"https:\/\/testkreativlabsmart.it\/en\/prodotto\/champagne-extra-brut-rose-de-meunier-laherte-freres\/","title":{"rendered":"Extra Brut &#8220;Ros\u00e9 de Meunier&#8221; Champagne &#8211; Laherte Freres"},"content":{"rendered":"","protected":false},"excerpt":{"rendered":"<p>Ros\u00e9 de Meunier from Laherte Freres is a &#8220;Ros\u00e9 d&#8217;Assemblage&#8221; or blended ros\u00e9, with the maturity of old Meunier vines. Through its various vinifications, this champagne evokes a perfect blend of fruit, complexity, structure and freshness. The vine-growing respects nature and is influenced by ecological methods, with vines of about 30 years old. Grape variety is 100% Pinot Meunier, from 30% maceration and 10% red wine, 60% white wine (40% reserve wines aged in barrels). Manual harvest at full maturity and traditionally pressed. Alcoholic fermentation in vats, casks and barrels. Malolactic fermentation partially carried out and aged on fine lees. Dosage of 2.5 g\/l with disgorgement by hand. During tasting, it is dazzling. Rich, yet concentrated, with superb depth &#8211; magical in every way. Orange peel, berries, cranberry, mint and chalk are just a few of the many aromas and flavors that develop as this breathtaking champagne was tasted.<\/p>\n<div class=\"caratteristiche\">\n<div class=\"temperatura\">\n<div class=\"icona-temperatura\"><\/div>\n<h4>Temperature:<\/h4>\n<p>8-10\u00b0C<\/p>\n<\/div>\n<div class=\"abbinamento\">\n<div class=\"icona-abbinamento\"><\/div>\n<h4>Pairings:<\/h4>\n<p>Throughout the meal or as an aperitif <\/p>\n<\/div>\n<div class=\"vitigno\">\n<div class=\"icona-vitigno\"><\/div>\n<h4>Varietal:<\/h4>\n<p>100% Pinot Meunier<\/p>\n<\/div>\n<div class=\"gradazione\">\n<div class=\"icona-gradazione\"><\/div>\n<h4>Alcohol content:<\/h4>\n<p>12.5%<\/p>\n<\/div>\n<div class=\"formato\">\n<div class=\"icona-formato\"><\/div>\n<h4>Size:<\/h4>\n<p>75cl<\/p>\n<\/div>\n<\/div>\n","protected":false},"featured_media":11363,"template":"","meta":[],"product_brand":[],"product_cat":[770,779,769],"product_tag":[780,771,781,782],"tipologia":[],"premi":[],"annata":[],"regione":[],"cantina":[],"class_list":{"0":"post-11655","1":"product","2":"type-product","3":"status-publish","4":"has-post-thumbnail","6":"product_cat-champagne-en","7":"product_cat-rose-wines","8":"product_cat-sparkling-wines","9":"product_tag-brut-en","10":"product_tag-champagne-en","11":"product_tag-laherte-en","12":"product_tag-reserve-en-2","14":"first","15":"instock","16":"taxable","17":"shipping-taxable","18":"purchasable","19":"product-type-simple"},"_links":{"self":[{"href":"https:\/\/testkreativlabsmart.it\/en\/wp-json\/wp\/v2\/product\/11655","targetHints":{"allow":["GET"]}}],"collection":[{"href":"https:\/\/testkreativlabsmart.it\/en\/wp-json\/wp\/v2\/product"}],"about":[{"href":"https:\/\/testkreativlabsmart.it\/en\/wp-json\/wp\/v2\/types\/product"}],"version-history":[{"count":0,"href":"https:\/\/testkreativlabsmart.it\/en\/wp-json\/wp\/v2\/product\/11655\/revisions"}],"wp:featuredmedia":[{"embeddable":true,"href":"https:\/\/testkreativlabsmart.it\/en\/wp-json\/wp\/v2\/media\/11363"}],"wp:attachment":[{"href":"https:\/\/testkreativlabsmart.it\/en\/wp-json\/wp\/v2\/media?parent=11655"}],"wp:term":[{"taxonomy":"product_brand","embeddable":true,"href":"https:\/\/testkreativlabsmart.it\/en\/wp-json\/wp\/v2\/product_brand?post=11655"},{"taxonomy":"product_cat","embeddable":true,"href":"https:\/\/testkreativlabsmart.it\/en\/wp-json\/wp\/v2\/product_cat?post=11655"},{"taxonomy":"product_tag","embeddable":true,"href":"https:\/\/testkreativlabsmart.it\/en\/wp-json\/wp\/v2\/product_tag?post=11655"},{"taxonomy":"tipologia","embeddable":true,"href":"https:\/\/testkreativlabsmart.it\/en\/wp-json\/wp\/v2\/tipologia?post=11655"},{"taxonomy":"premi","embeddable":true,"href":"https:\/\/testkreativlabsmart.it\/en\/wp-json\/wp\/v2\/premi?post=11655"},{"taxonomy":"annata","embeddable":true,"href":"https:\/\/testkreativlabsmart.it\/en\/wp-json\/wp\/v2\/annata?post=11655"},{"taxonomy":"regione","embeddable":true,"href":"https:\/\/testkreativlabsmart.it\/en\/wp-json\/wp\/v2\/regione?post=11655"},{"taxonomy":"cantina","embeddable":true,"href":"https:\/\/testkreativlabsmart.it\/en\/wp-json\/wp\/v2\/cantina?post=11655"}],"curies":[{"name":"wp","href":"https:\/\/api.w.org\/{rel}","templated":true}]}}